{"id":13,"date":"2022-08-24T03:08:29","date_gmt":"2022-08-24T03:08:29","guid":{"rendered":"https:\/\/demo.ovatheme.com\/mellis\/?page_id=13"},"modified":"2024-04-24T11:11:40","modified_gmt":"2024-04-24T11:11:40","slug":"terms-and-conditions","status":"publish","type":"page","link":"https:\/\/janabarbellpmu.com\/nl\/terms-and-conditions\/","title":{"rendered":"algemene voorwaarden"},"content":{"rendered":"<div data-elementor-type=\"wp-page\" data-elementor-id=\"13\" class=\"elementor elementor-13\">\n\t\t\t\t\t\t<section class=\"elementor-section elementor-top-section elementor-element elementor-element-4e292d0c elementor-section-boxed elementor-section-height-default elementor-section-height-default\" data-id=\"4e292d0c\" data-element_type=\"section\" data-e-type=\"section\">\n\t\t\t\t\t\t<div class=\"elementor-container elementor-column-gap-default\">\n\t\t\t\t\t<div class=\"elementor-column elementor-col-100 elementor-top-column elementor-element elementor-element-179f3b0b\" data-id=\"179f3b0b\" data-element_type=\"column\" data-e-type=\"column\">\n\t\t\t<div class=\"elementor-widget-wrap elementor-element-populated\">\n\t\t\t\t\t\t<div class=\"elementor-element elementor-element-7b8398a2 elementor-widget__width-initial elementor-widget elementor-widget-text-editor\" data-id=\"7b8398a2\" data-element_type=\"widget\" data-e-type=\"widget\" data-widget_type=\"text-editor.default\">\n\t\t\t\t<div class=\"elementor-widget-container\">\n\t\t\t\t\t\t\t\t\t<p><\/p>\n<p>\u00a0<\/p>\n<p><span style=\"color: var( --e-global-color-text ); font-family: var( --e-global-typography-text-font-family ), Sans-serif; font-weight: var( --e-global-typography-text-font-weight ); font-size: var(--font-size); letter-spacing: var(--letter-spacing);\">*<\/span><span style=\"color: var( --e-global-color-text ); font-family: var( --e-global-typography-text-font-family ), Sans-serif; font-size: var(--font-size); letter-spacing: var(--letter-spacing);\"><b>*AFSPRAKEN EN AANBETALINGEN**<\/b><\/span><\/p>\n<p>In onze studio hanteren we een duidelijk beleid voor het annuleren van afspraken:<\/p>\n<p>1. Annulering\/verplaatsing door u:<br \/>\u2013 Indien u uw afspraak meer dan 48 uur van tevoren annuleert of verplaatst, worden er geen annuleringskosten in rekening gebracht.<br \/>\u2013 Voor annuleringen\/verzetten binnen 48 uur voor de geplande afspraak geldt een annulerings-\/verplaatsingskosten van 50 euro.<br \/>\u2013 Bij annuleringen\/verzetten minder dan 24 uur voor de afspraak of bij het niet op tijd verschijnen worden naast de annuleringskosten de volledige afspraakkosten in rekening gebracht.<\/p>\n<p>2. Aanbetalingsbeleid:<br \/>-Om uw afspraak vast te leggen, vragen wij een niet-restitueerbare aanbetaling van de totale servicekosten.<br \/>-De borg wordt in mindering gebracht op het totaal verschuldigde bedrag.<br \/>-Uw aanbetaling blijft in het systeem staan en kan worden gebruikt voor een toekomstige afspraak.<br \/>- Houd er rekening mee dat de aanbetaling niet overdraagbaar en niet-restitueerbaar is.<\/p>\n<p>3. Opschorting of be\u00ebindiging door ons:<br \/>\u2013 Wij hebben het recht om een afspraak op te schorten of te be\u00ebindigen in specifieke situaties, zoals onvoorziene omstandigheden of het niet nakomen van benoemingsvereisten.<br \/>\u2013 Als wij door ons handelen uw afspraak moeten opschorten of be\u00ebindigen, krijgt u het volledige bedrag teruggestort.<br \/>\u2013 In geval van onbeheersbare situaties zoals liquidatie, faillissement of vergelijkbare omstandigheden kan het zijn dat wij de afspraak moeten annuleren zonder verplichting tot schadevergoeding.<\/p>\n<p><strong>Zorg ervoor dat u OP TIJD bent voor uw afspraak, aangezien een late aankomst invloed kan hebben op de geplande tijd.<\/strong><\/p>\n<p>Als u vragen of opmerkingen heeft, neem dan gerust contact met ons op.<\/p>\n<p>Afspraken kunnen via de website worden gewijzigd of geannuleerd.\u00a0<\/p>\n<p>Wijzigingen of annuleringen kunt u ook doorgeven via WhatsApp of SMS op het nummer 06-46032203.\u00a0<\/p>\n<p><b>Let op: een telefoontje of bericht zonder bevestiging wordt niet als een geldige annulering beschouwd.<\/b><\/p>\n<p>\u00a0<\/p>\n<p>Indien u om wat voor reden dan ook te laat verwacht te zijn, kunt u dit via het nummer 06-46032203 met een bericht aan ons doorgeven.\u00a0<\/p>\n<p><b>Indien u meer dan 15 minuten te laat arriveert, kan uw afspraak niet doorgaan en wordt deze geannuleerd. De volledige prijs van de behandeling wordt in rekening gebracht.<\/b><\/p>\n<p>Zorg ervoor dat de juiste contactgegevens worden verstrekt.\u00a0<\/p>\n<p><b>Onjuiste informatie kan ertoe leiden dat u geen e-mail- of sms-herinneringen ontvangt. Het is de verantwoordelijkheid van de klant om deze informatie correct in te voeren.<\/b><\/p>\n<p><b>** BESTAANDE PMU**<\/b><\/p>\n<p>Heeft u elders permanente make-up ontvangen, stuur dan een foto via WhatsApp (06-46032203) ter beoordeling van de mogelijkheid om deze af te dekken.<\/p>\n<p>Klanten met bestaande permanente make-up dienen dit online aan te geven en kunnen pas een afspraak inplannen na goedkeuring door Jana Barbell PMU.<\/p>\n<p>Indien het nodig is bestaande permanente make-up te verwijderen voordat de geplande behandeling kan plaatsvinden, vervalt de aanbetaling tenzij er foto\u2019s worden aangeleverd via WhatsApp.<\/p>\n<p>Bij een eerste sessie uitgevoerd door een andere specialist dan Jana Barbell geldt de vergoeding voor de volledige behandeling en niet alleen voor een touch-up, tenzij anders overeengekomen.<\/p>\n<p>*<b>*NAZORG EN TOUCH-UPS**<\/b><\/p>\n<p>De nazorgsessie binnen 5 tot 10 weken is alleen bedoeld voor klanten die maximaal 10 weken eerder een behandeling bij Jana hebben gehad. Na deze periode is de nazorgsessie niet meer inbegrepen.<\/p>\n<p>Binnen de termijn van \u00e9\u00e9n week na het gratis nazorggesprek is het mogelijk om de afspraak te verzetten. Indien de vertraging langer duurt, wordt de afspraak geannuleerd en kunt u online een afspraak voor een \u201ctouch-up, 3 maanden\u201d boeken.<\/p>\n<p>Alle geplande retouches kunnen worden beoordeeld. Bij onjuiste planning behouden wij ons het recht voor om de afspraak te verplaatsen.<\/p>\n<p><b>**CONTRA-INDICATIES**<\/b><\/p>\n<p>Bij zwangerschap is het mogelijk om de afspraak kosteloos te verzetten, tenzij dit binnen 48 uur v\u00f3\u00f3r de afspraak gebeurt. Indien u na de eerste behandeling en v\u00f3\u00f3r de nazorgsessie zwanger wordt, wordt deze uitgesteld tot na de bevalling. De nazorgsessie wordt dan binnen 1 jaar na de oorspronkelijke afspraak een touch-up.<\/p>\n<p>Bij diabetespati\u00ebnten kan de behandeling alleen plaatsvinden met een doktersverklaring.<\/p>\n<p><b>**VERWACHTINGEN**<\/b><\/p>\n<p>Wij streven naar natuurlijke schoonheidsverbetering. Raadpleeg de voorbeelden op mijn Instagram om mijn stijl en aanpak te begrijpen. Indien u kiest voor een techniek of stijl die niet door ons wordt aangeboden, wordt de behandeling stopgezet.<\/p>\n<p>Tijdens de voorbereidingsfase wordt de vorm bepaald. Houd er rekening mee dat het eindresultaat subtieler en minder intens zal zijn.<\/p>\n<p>Wij behouden ons het recht voor om klanten te weigeren als tijdens het voorbereidingsproces duidelijk wordt dat wij niet aan hun verwachtingen kunnen voldoen.<\/p>\n<p>Na goedkeuring van de vorm begint het pigmenteren. Het definitieve resultaat wordt na 6 weken zichtbaar.<\/p>\n<p>Onthoud dat elke huid uniek is en dat de resultaten daarom kunnen vari\u00ebren.<\/p>\n<p>*<b>*EINDRESULTAAT**<\/b><\/p>\n<p>Wij streven naar perfectie en gebruiken millimeters voor precisie. Omdat gezichten (en lichamen) zelden symmetrisch zijn, kan een afwijking van maximaal 1 millimeter worden gemaakt om harmonie te bereiken.<\/p>\n<p>Wij passen bij alle klanten dezelfde techniek toe. In sommige gevallen kan pigment minder effectief door de huid worden opgenomen vanwege redenen buiten onze controle. Wij passen onze techniek aan om het gewenste resultaat te bereiken. In de meeste gevallen is dit succesvol. In zeldzame gevallen kan het voorkomen dat het pigment niet goed hecht, waardoor een tweede nazorgsessie en bijbehorende kosten nodig zijn. In uiterst zeldzame gevallen, als het pigment helemaal niet hecht.<\/p>\n<p><\/p>\t\t\t\t\t\t\t\t<\/div>\n\t\t\t\t<\/div>\n\t\t\t\t\t<\/div>\n\t\t<\/div>\n\t\t\t\t\t<\/div>\n\t\t<\/section>\n\t\t\t\t<\/div>","protected":false},"excerpt":{"rendered":"<p>\u00a0 **APPOINTMENTS AND DEPOSITS** At our studio, we have a straightforward policy for appointment cancellations: 1. Cancellation\/rescheduling by You:&#8211; If you need to cancel or reschedule your appointment more than 48 hours in advance, there will be no cancellation fee.&#8211; For cancellations\/rescheduling\u00a0made within 48 hours of the scheduled appointment, a 50 euro cancellation\/rescheduling fee will [&hellip;]<\/p>\n","protected":false},"author":1,"featured_media":0,"parent":0,"menu_order":0,"comment_status":"closed","ping_status":"closed","template":"elementor_header_footer","meta":{"om_disable_all_campaigns":false,"_monsterinsights_skip_tracking":false,"_monsterinsights_sitenote_active":false,"_monsterinsights_sitenote_note":"","_monsterinsights_sitenote_category":0,"iawp_total_views":155,"_joinchat":[],"footnotes":""},"class_list":["post-13","page","type-page","status-publish","hentry"],"aioseo_notices":[],"_links":{"self":[{"href":"https:\/\/janabarbellpmu.com\/nl\/wp-json\/wp\/v2\/pages\/13","targetHints":{"allow":["GET"]}}],"collection":[{"href":"https:\/\/janabarbellpmu.com\/nl\/wp-json\/wp\/v2\/pages"}],"about":[{"href":"https:\/\/janabarbellpmu.com\/nl\/wp-json\/wp\/v2\/types\/page"}],"author":[{"embeddable":true,"href":"https:\/\/janabarbellpmu.com\/nl\/wp-json\/wp\/v2\/users\/1"}],"replies":[{"embeddable":true,"href":"https:\/\/janabarbellpmu.com\/nl\/wp-json\/wp\/v2\/comments?post=13"}],"version-history":[{"count":38,"href":"https:\/\/janabarbellpmu.com\/nl\/wp-json\/wp\/v2\/pages\/13\/revisions"}],"predecessor-version":[{"id":5215,"href":"https:\/\/janabarbellpmu.com\/nl\/wp-json\/wp\/v2\/pages\/13\/revisions\/5215"}],"wp:attachment":[{"href":"https:\/\/janabarbellpmu.com\/nl\/wp-json\/wp\/v2\/media?parent=13"}],"curies":[{"name":"wp","href":"https:\/\/api.w.org\/{rel}","templated":true}]}}